{"id":203,"date":"2024-03-20T22:21:35","date_gmt":"2024-03-21T01:21:35","guid":{"rendered":"https:\/\/federicorozo.com\/rola\/?page_id=203"},"modified":"2025-12-14T00:20:35","modified_gmt":"2025-12-14T03:20:35","slug":"cine","status":"publish","type":"page","link":"https:\/\/staging.rola.la\/en\/cine\/","title":{"rendered":"FILMS"},"content":{"rendered":"\t\t<div data-elementor-type=\"wp-page\" data-elementor-id=\"203\" class=\"elementor elementor-203\" data-elementor-post-type=\"page\">\n\t\t\t\t<div class=\"elementor-element elementor-element-39437ca8 que-hacemos-cine-container e-flex e-con-boxed wpr-particle-no wpr-jarallax-no wpr-parallax-no wpr-sticky-section-no e-con e-child\" data-id=\"39437ca8\" data-element_type=\"container\" data-e-type=\"container\" data-settings=\"{&quot;background_background&quot;:&quot;classic&quot;}\">\n\t\t\t\t\t<div class=\"e-con-inner\">\n\t\t\t\t<div class=\"elementor-element elementor-element-32e374c1 elementor-widget elementor-widget-text-editor\" data-id=\"32e374c1\" data-element_type=\"widget\" data-e-type=\"widget\" data-widget_type=\"text-editor.default\">\n\t\t\t\t<div class=\"elementor-widget-container\">\n\t\t\t\t\t\t\t\t\t<div class=\"rola-punch-phrase__section\"><div class=\"rola-punch-phrase__section--vertical-rectangle vertical-rectangle--cine\">\u00a0<\/div><div class=\"content\"><span class=\"material-icons-outlined que-hacemos-icon\"><br \/>movie<br \/><\/span><br \/><span class=\"rola-custom-que-hacemos\">\u00bfQu\u00e9 hacemos?<\/span><br \/><span class=\"rola-custom-que-hacemos-content\"><br \/><span style=\"font-weight: 400;\">Somos distribuidores autorizados para las pel\u00edculas de los principales estudios de Hollywood. Nos encargamos de la estrategia de distribuci\u00f3n y de marketing con el objetivo de generar la difusi\u00f3n \u00a0y asegurar el \u00e9xito en taquilla en nuestros territorios<\/span>.<br \/><\/span><\/div><\/div>\t\t\t\t\t\t\t\t<\/div>\n\t\t\t\t<\/div>\n\t\t\t\t\t<\/div>\n\t\t\t\t<\/div>\n\t\t<div class=\"elementor-element elementor-element-805bca3 e-con-full logos-cine-container e-flex wpr-particle-no wpr-jarallax-no wpr-parallax-no wpr-sticky-section-no e-con e-parent\" data-id=\"805bca3\" data-element_type=\"container\" data-e-type=\"container\">\n\t\t<div class=\"elementor-element elementor-element-a3c132a e-con-full e-flex wpr-particle-no wpr-jarallax-no wpr-parallax-no wpr-sticky-section-no e-con e-child\" data-id=\"a3c132a\" data-element_type=\"container\" data-e-type=\"container\">\n\t\t\t\t<div class=\"elementor-element elementor-element-a1102cc elementor-widget__width-initial elementor-widget elementor-widget-image\" data-id=\"a1102cc\" data-element_type=\"widget\" data-e-type=\"widget\" data-widget_type=\"image.default\">\n\t\t\t\t<div class=\"elementor-widget-container\">\n\t\t\t\t\t\t\t\t\t\t\t\t\t\t\t\t<a href=\"https:\/\/staging.rola.la\/cine\/warner\/\">\n\t\t\t\t\t\t\t<img fetchpriority=\"high\" decoding=\"async\" width=\"1024\" height=\"273\" src=\"https:\/\/staging.rola.la\/wp-content\/uploads\/2024\/04\/LogoWarnerBros-1024x273.png\" class=\"attachment-large size-large wp-image-553\" alt=\"\" srcset=\"https:\/\/staging.rola.la\/wp-content\/uploads\/2024\/04\/LogoWarnerBros-1024x273.png 1024w, https:\/\/staging.rola.la\/wp-content\/uploads\/2024\/04\/LogoWarnerBros-300x80.png 300w, https:\/\/staging.rola.la\/wp-content\/uploads\/2024\/04\/LogoWarnerBros-768x204.png 768w, https:\/\/staging.rola.la\/wp-content\/uploads\/2024\/04\/LogoWarnerBros.png 1127w\" sizes=\"(max-width: 1024px) 100vw, 1024px\" \/>\t\t\t\t\t\t\t\t<\/a>\n\t\t\t\t\t\t\t\t\t\t\t\t\t\t\t<\/div>\n\t\t\t\t<\/div>\n\t\t\t\t<\/div>\n\t\t<div class=\"elementor-element elementor-element-0f126f7 e-con-full e-flex wpr-particle-no wpr-jarallax-no wpr-parallax-no wpr-sticky-section-no e-con e-child\" data-id=\"0f126f7\" data-element_type=\"container\" data-e-type=\"container\">\n\t\t\t\t<div class=\"elementor-element elementor-element-f805cb2 elementor-widget__width-initial elementor-widget elementor-widget-image\" data-id=\"f805cb2\" data-element_type=\"widget\" data-e-type=\"widget\" data-widget_type=\"image.default\">\n\t\t\t\t<div class=\"elementor-widget-container\">\n\t\t\t\t\t\t\t\t\t\t\t\t\t\t\t\t<a href=\"https:\/\/staging.rola.la\/cine\/disney\/\">\n\t\t\t\t\t\t\t<img decoding=\"async\" width=\"577\" height=\"133\" src=\"https:\/\/staging.rola.la\/wp-content\/uploads\/2024\/05\/logo-disney.png\" class=\"attachment-large size-large wp-image-1830\" alt=\"\" srcset=\"https:\/\/staging.rola.la\/wp-content\/uploads\/2024\/05\/logo-disney.png 577w, https:\/\/staging.rola.la\/wp-content\/uploads\/2024\/05\/logo-disney-300x69.png 300w\" sizes=\"(max-width: 577px) 100vw, 577px\" \/>\t\t\t\t\t\t\t\t<\/a>\n\t\t\t\t\t\t\t\t\t\t\t\t\t\t\t<\/div>\n\t\t\t\t<\/div>\n\t\t\t\t<\/div>\n\t\t<div class=\"elementor-element elementor-element-7fa8741 e-con-full e-flex wpr-particle-no wpr-jarallax-no wpr-parallax-no wpr-sticky-section-no e-con e-child\" data-id=\"7fa8741\" data-element_type=\"container\" data-e-type=\"container\">\n\t\t\t\t<div class=\"elementor-element elementor-element-1250b36 elementor-widget__width-initial elementor-widget elementor-widget-image\" data-id=\"1250b36\" data-element_type=\"widget\" data-e-type=\"widget\" data-widget_type=\"image.default\">\n\t\t\t\t<div class=\"elementor-widget-container\">\n\t\t\t\t\t\t\t\t\t\t\t\t\t\t\t\t<a href=\"https:\/\/staging.rola.la\/cine\/angel\/\">\n\t\t\t\t\t\t\t<img decoding=\"async\" width=\"1000\" height=\"242\" src=\"https:\/\/staging.rola.la\/wp-content\/uploads\/2025\/06\/Angel-Studios-Logo-Copper.png\" class=\"attachment-large size-large wp-image-9524\" alt=\"\" srcset=\"https:\/\/staging.rola.la\/wp-content\/uploads\/2025\/06\/Angel-Studios-Logo-Copper.png 1000w, https:\/\/staging.rola.la\/wp-content\/uploads\/2025\/06\/Angel-Studios-Logo-Copper-300x73.png 300w, https:\/\/staging.rola.la\/wp-content\/uploads\/2025\/06\/Angel-Studios-Logo-Copper-768x186.png 768w, https:\/\/staging.rola.la\/wp-content\/uploads\/2025\/06\/Angel-Studios-Logo-Copper-18x4.png 18w\" sizes=\"(max-width: 1000px) 100vw, 1000px\" \/>\t\t\t\t\t\t\t\t<\/a>\n\t\t\t\t\t\t\t\t\t\t\t\t\t\t\t<\/div>\n\t\t\t\t<\/div>\n\t\t\t\t<\/div>\n\t\t\t\t<\/div>\n\t\t<div class=\"elementor-element elementor-element-416d362 e-con-full e-flex wpr-particle-no wpr-jarallax-no wpr-parallax-no wpr-sticky-section-no e-con e-parent\" data-id=\"416d362\" data-element_type=\"container\" data-e-type=\"container\">\n\t\t\t\t<div class=\"elementor-element elementor-element-e85aa56 elementor-widget elementor-widget-template\" data-id=\"e85aa56\" data-element_type=\"widget\" data-e-type=\"widget\" data-widget_type=\"template.default\">\n\t\t\t\t<div class=\"elementor-widget-container\">\n\t\t\t\t\t\t\t<div class=\"elementor-template\">\n\t\t\t\t\t<div data-elementor-type=\"container\" data-elementor-id=\"9625\" class=\"elementor elementor-9625\" data-elementor-post-type=\"elementor_library\">\n\t\t\t\t<div class=\"elementor-element elementor-element-36733c0b e-flex e-con-boxed wpr-particle-no wpr-jarallax-no wpr-parallax-no wpr-sticky-section-no e-con e-parent\" data-id=\"36733c0b\" data-element_type=\"container\" data-e-type=\"container\" data-settings=\"{&quot;background_background&quot;:&quot;classic&quot;}\">\n\t\t\t\t\t<div class=\"e-con-inner\">\n\t\t<div class=\"elementor-element elementor-element-7cae227 e-con-full e-flex wpr-particle-no wpr-jarallax-no wpr-parallax-no wpr-sticky-section-no e-con e-child\" data-id=\"7cae227\" data-element_type=\"container\" data-e-type=\"container\">\n\t\t\t\t<div class=\"elementor-element elementor-element-3a5d3fa elementor-widget elementor-widget-heading\" data-id=\"3a5d3fa\" data-element_type=\"widget\" data-e-type=\"widget\" data-widget_type=\"heading.default\">\n\t\t\t\t<div class=\"elementor-widget-container\">\n\t\t\t\t\t<h2 class=\"elementor-heading-title elementor-size-default\">Escr\u00edbenos<\/h2>\t\t\t\t<\/div>\n\t\t\t\t<\/div>\n\t\t\t\t<div class=\"elementor-element elementor-element-bdb369d elementor-widget elementor-widget-text-editor\" data-id=\"bdb369d\" data-element_type=\"widget\" data-e-type=\"widget\" data-widget_type=\"text-editor.default\">\n\t\t\t\t<div class=\"elementor-widget-container\">\n\t\t\t\t\t\t\t\t\t<p>Nuestro equipo est\u00e1 listo para ayudarte. <br \/>Por favor d\u00e9janos tus datos y nos pondremos en contacto contigo a la brevedad.<\/p>\t\t\t\t\t\t\t\t<\/div>\n\t\t\t\t<\/div>\n\t\t\t\t<\/div>\n\t\t<div class=\"elementor-element elementor-element-9d2c8a7 e-con-full e-flex wpr-particle-no wpr-jarallax-no wpr-parallax-no wpr-sticky-section-no e-con e-child\" data-id=\"9d2c8a7\" data-element_type=\"container\" data-e-type=\"container\">\n\t\t\t\t<div class=\"elementor-element elementor-element-9727 contact-form elementor-button-align-end elementor-widget elementor-widget-global elementor-global-9727 elementor-widget-form\" data-id=\"9727\" data-element_type=\"widget\" data-e-type=\"widget\" data-settings=\"{&quot;step_next_label&quot;:&quot;Next&quot;,&quot;step_previous_label&quot;:&quot;Previous&quot;,&quot;button_width&quot;:&quot;100&quot;,&quot;step_type&quot;:&quot;number_text&quot;,&quot;step_icon_shape&quot;:&quot;circle&quot;}\" data-widget_type=\"form.default\">\n\t\t\t\t<div class=\"elementor-widget-container\">\n\t\t\t\t\t\t\t<form class=\"elementor-form\" method=\"post\" name=\"Contact Form\" aria-label=\"Contact Form\">\n\t\t\t<input type=\"hidden\" name=\"post_id\" value=\"9625\"\/>\n\t\t\t<input type=\"hidden\" name=\"form_id\" value=\"9727\"\/>\n\t\t\t<input type=\"hidden\" name=\"referer_title\" value=\"\" \/>\n\n\t\t\t\n\t\t\t<div class=\"elementor-form-fields-wrapper elementor-labels-\">\n\t\t\t\t\t\t\t\t<div class=\"elementor-field-type-text elementor-field-group elementor-column elementor-field-group-name elementor-col-100\">\n\t\t\t\t\t\t\t\t\t\t\t\t<label for=\"form-field-name\" class=\"elementor-field-label elementor-screen-only\">\n\t\t\t\t\t\t\t\tNombre\t\t\t\t\t\t\t<\/label>\n\t\t\t\t\t\t\t\t\t\t\t\t\t\t<input size=\"1\" type=\"text\" name=\"form_fields[name]\" id=\"form-field-name\" class=\"elementor-field elementor-size-sm  elementor-field-textual\" placeholder=\"Nombre\">\n\t\t\t\t\t\t\t\t\t\t\t<\/div>\n\t\t\t\t\t\t\t\t<div class=\"elementor-field-type-email elementor-field-group elementor-column elementor-field-group-email elementor-col-50 elementor-md-100 elementor-field-required\">\n\t\t\t\t\t\t\t\t\t\t\t\t<label for=\"form-field-email\" class=\"elementor-field-label elementor-screen-only\">\n\t\t\t\t\t\t\t\tEmail\t\t\t\t\t\t\t<\/label>\n\t\t\t\t\t\t\t\t\t\t\t\t\t\t<input size=\"1\" type=\"email\" name=\"form_fields[email]\" id=\"form-field-email\" class=\"elementor-field elementor-size-sm  elementor-field-textual\" placeholder=\"Email\" required=\"required\">\n\t\t\t\t\t\t\t\t\t\t\t<\/div>\n\t\t\t\t\t\t\t\t<div class=\"elementor-field-type-select elementor-field-group elementor-column elementor-field-group-country elementor-col-50 elementor-md-100 elementor-field-required\">\n\t\t\t\t\t\t\t\t\t\t\t\t<label for=\"form-field-country\" class=\"elementor-field-label elementor-screen-only\">\n\t\t\t\t\t\t\t\tPa\u00eds\t\t\t\t\t\t\t<\/label>\n\t\t\t\t\t\t\t\t<div class=\"elementor-field elementor-select-wrapper remove-before \">\n\t\t\t<div class=\"select-caret-down-wrapper\">\n\t\t\t\t<svg aria-hidden=\"true\" class=\"e-font-icon-svg e-eicon-caret-down\" viewBox=\"0 0 571.4 571.4\" xmlns=\"http:\/\/www.w3.org\/2000\/svg\"><path d=\"M571 393Q571 407 561 418L311 668Q300 679 286 679T261 668L11 418Q0 407 0 393T11 368 36 357H536Q550 357 561 368T571 393Z\"><\/path><\/svg>\t\t\t<\/div>\n\t\t\t<select name=\"form_fields[country]\" id=\"form-field-country\" class=\"elementor-field-textual elementor-size-sm\" required=\"required\">\n\t\t\t\t\t\t\t\t\t<option value=\"\">Pa\u00eds<\/option>\n\t\t\t\t\t\t\t\t\t<option value=\"info.bolivia@rola.la\">Bolivia<\/option>\n\t\t\t\t\t\t\t\t\t<option value=\"info.ecuador@rola.la\">Ecuador<\/option>\n\t\t\t\t\t\t\t\t\t<option value=\"info.costarica@rola.la\">Costa Rica<\/option>\n\t\t\t\t\t\t\t\t\t<option value=\"info.elsalvador@rola.la\">El Salvador<\/option>\n\t\t\t\t\t\t\t\t\t<option value=\"info.guatemala@rola.la\">Guatemala<\/option>\n\t\t\t\t\t\t\t\t\t<option value=\"info.honduras@rola.la\">Honduras<\/option>\n\t\t\t\t\t\t\t\t\t<option value=\"info.mexico@rola.la\">Mexico<\/option>\n\t\t\t\t\t\t\t\t\t<option value=\"info.nicaragua@rola.la\">Nicaragua<\/option>\n\t\t\t\t\t\t\t\t\t<option value=\"info.panama@rola.la\">Panama<\/option>\n\t\t\t\t\t\t\t\t\t<option value=\"info.paraguay@rola.la\">Paraguay<\/option>\n\t\t\t\t\t\t\t\t\t<option value=\"info.peru@rola.la\">Peru<\/option>\n\t\t\t\t\t\t\t\t\t<option value=\"info.republicadominicana@rola.la\">Republica Dominicana<\/option>\n\t\t\t\t\t\t\t\t\t<option value=\"info.usa@rola.la\">USA<\/option>\n\t\t\t\t\t\t\t\t\t<option value=\"info.puertorico@rola.la\">Puerto Rico<\/option>\n\t\t\t\t\t\t\t<\/select>\n\t\t<\/div>\n\t\t\t\t\t\t<\/div>\n\t\t\t\t\t\t\t\t<div class=\"elementor-field-type-textarea elementor-field-group elementor-column elementor-field-group-message elementor-col-100\">\n\t\t\t\t\t\t\t\t\t\t\t\t<label for=\"form-field-message\" class=\"elementor-field-label elementor-screen-only\">\n\t\t\t\t\t\t\t\tMensaje\t\t\t\t\t\t\t<\/label>\n\t\t\t\t\t\t<textarea class=\"elementor-field-textual elementor-field  elementor-size-sm\" name=\"form_fields[message]\" id=\"form-field-message\" rows=\"4\" placeholder=\"Mensaje\"><\/textarea>\t\t\t\t<\/div>\n\t\t\t\t\t\t\t\t<div class=\"elementor-field-type-hidden elementor-field-group elementor-column elementor-field-group-recipient_email elementor-col-100\">\n\t\t\t\t\t\t\t\t\t\t\t\t\t<input size=\"1\" type=\"hidden\" name=\"form_fields[recipient_email]\" id=\"form-field-recipient_email\" class=\"elementor-field elementor-size-sm  elementor-field-textual\" value=\"[field id=&quot;country&quot; before=&quot;info.&quot; after=&quot;@rola.la&quot;]\">\n\t\t\t\t\t\t\t\t\t\t\t<\/div>\n\t\t\t\t\t\t\t\t<div class=\"elementor-field-type-html elementor-field-group elementor-column elementor-field-group-terms_condition elementor-col-100\">\n\t\t\t\t\tAl enviar este formulario, aceptas nuestra  <a target=\"_blank\" style=\"\" href=\"\/privacy\">Pol\u00edtica de Privacidad<\/a> y nuestros <a target=\"_blank\" style=\"\" href=\"\/disclaimer\/\">T\u00e9rminos y Condiciones<\/a>.<br>\nEste sitio est\u00e1 protegido por reCAPTCHA y se aplican la  <a href=\"https:\/\/policies.google.com\/privacy\">Pol\u00edtica de Privacidad<\/a> y los <a href=\"https:\/\/policies.google.com\/terms\">T\u00e9rminos de Servicio<\/a> de Google.\t\t\t\t<\/div>\n\t\t\t\t\t\t\t\t<div class=\"elementor-field-type-checkbox elementor-field-group elementor-column elementor-field-group-privacy_consent elementor-col-100\">\n\t\t\t\t\t\t\t\t\t\t\t\t<label for=\"form-field-privacy_consent\" class=\"elementor-field-label elementor-screen-only\">\n\t\t\t\t\t\t\t\tOpt In\t\t\t\t\t\t\t<\/label>\n\t\t\t\t\t\t<div class=\"elementor-field-subgroup  \"><span class=\"elementor-field-option\"><input type=\"checkbox\" value=\"Me gustar\u00eda recibir comunicaciones de marketing.\" id=\"form-field-privacy_consent-0\" name=\"form_fields[privacy_consent]\"> <label for=\"form-field-privacy_consent-0\">Me gustar\u00eda recibir comunicaciones de marketing.<\/label><\/span><\/div>\t\t\t\t<\/div>\n\t\t\t\t\t\t\t\t<div class=\"elementor-field-type-recaptcha_v3 elementor-field-group elementor-column elementor-field-group-field_bd0a5c8 elementor-col-100 recaptcha_v3-inline\">\n\t\t\t\t\t<div class=\"elementor-field\" id=\"form-field-field_bd0a5c8\"><div class=\"elementor-g-recaptcha\" data-sitekey=\"6LdaimwrAAAAAJAhlQJO06x0Zy_SaiY8dF465kOR\" data-type=\"v3\" data-action=\"Form\" data-badge=\"inline\" data-size=\"invisible\"><\/div><\/div>\t\t\t\t<\/div>\n\t\t\t\t\t\t\t\t<div class=\"elementor-field-group elementor-column elementor-field-type-submit elementor-col-100 e-form__buttons\">\n\t\t\t\t\t<button class=\"elementor-button elementor-size-sm\" type=\"submit\">\n\t\t\t\t\t\t<span class=\"elementor-button-content-wrapper\">\n\t\t\t\t\t\t\t\t\t\t\t\t\t\t\t\t\t\t\t\t\t\t<span class=\"elementor-button-text\">Enviar<\/span>\n\t\t\t\t\t\t\t\t\t\t\t\t\t<\/span>\n\t\t\t\t\t<\/button>\n\t\t\t\t<\/div>\n\t\t\t<\/div>\n\t\t<\/form>\n\t\t\t\t\t\t<\/div>\n\t\t\t\t<\/div>\n\t\t\t\t<\/div>\n\t\t\t\t\t<\/div>\n\t\t\t\t<\/div>\n\t\t\t\t<\/div>\n\t\t\t\t<\/div>\n\t\t\t\t\t\t<\/div>\n\t\t\t\t<\/div>\n\t\t\t\t<\/div>\n\t\t\t\t<\/div>\n\t\t","protected":false},"excerpt":{"rendered":"<p>\u00a0We develop and execute the distribution strategy for movies from the main Hollywood studios. In addition to the distribution, we develop the marketing and advertising plan to increase awareness and ensure the box office success<\/p>","protected":false},"author":2,"featured_media":0,"parent":0,"menu_order":0,"comment_status":"closed","ping_status":"closed","template":"","meta":{"_acf_changed":false,"site-sidebar-layout":"no-sidebar","site-content-layout":"","ast-site-content-layout":"full-width-container","site-content-style":"default","site-sidebar-style":"default","ast-global-header-display":"","ast-banner-title-visibility":"","ast-main-header-display":"","ast-hfb-above-header-display":"","ast-hfb-below-header-display":"","ast-hfb-mobile-header-display":"","site-post-title":"disabled","ast-breadcrumbs-content":"","ast-featured-img":"disabled","footer-sml-layout":"","theme-transparent-header-meta":"","adv-header-id-meta":"","stick-header-meta":"","header-above-stick-meta":"","header-main-stick-meta":"","header-below-stick-meta":"","astra-migrate-meta-layouts":"default","ast-page-background-enabled":"default","ast-page-background-meta":{"desktop":{"background-color":"var(--ast-global-color-4)","background-image":"","background-repeat":"repeat","background-position":"center center","background-size":"auto","background-attachment":"scroll","background-type":"","background-media":"","overlay-type":"","overlay-color":"","overlay-opacity":"","overlay-gradient":""},"tablet":{"background-color":"","background-image":"","background-repeat":"repeat","background-position":"center center","background-size":"auto","background-attachment":"scroll","background-type":"","background-media":"","overlay-type":"","overlay-color":"","overlay-opacity":"","overlay-gradient":""},"mobile":{"background-color":"","background-image":"","background-repeat":"repeat","background-position":"center center","background-size":"auto","background-attachment":"scroll","background-type":"","background-media":"","overlay-type":"","overlay-color":"","overlay-opacity":"","overlay-gradient":""}},"ast-content-background-meta":{"desktop":{"background-color":"var(--ast-global-color-5)","background-image":"","background-repeat":"repeat","background-position":"center center","background-size":"auto","background-attachment":"scroll","background-type":"","background-media":"","overlay-type":"","overlay-color":"","overlay-opacity":"","overlay-gradient":""},"tablet":{"background-color":"var(--ast-global-color-5)","background-image":"","background-repeat":"repeat","background-position":"center center","background-size":"auto","background-attachment":"scroll","background-type":"","background-media":"","overlay-type":"","overlay-color":"","overlay-opacity":"","overlay-gradient":""},"mobile":{"background-color":"var(--ast-global-color-5)","background-image":"","background-repeat":"repeat","background-position":"center center","background-size":"auto","background-attachment":"scroll","background-type":"","background-media":"","overlay-type":"","overlay-color":"","overlay-opacity":"","overlay-gradient":""}},"footnotes":""},"class_list":["post-203","page","type-page","status-publish","hentry"],"acf":[],"_links":{"self":[{"href":"https:\/\/staging.rola.la\/en\/wp-json\/wp\/v2\/pages\/203","targetHints":{"allow":["GET"]}}],"collection":[{"href":"https:\/\/staging.rola.la\/en\/wp-json\/wp\/v2\/pages"}],"about":[{"href":"https:\/\/staging.rola.la\/en\/wp-json\/wp\/v2\/types\/page"}],"author":[{"embeddable":true,"href":"https:\/\/staging.rola.la\/en\/wp-json\/wp\/v2\/users\/2"}],"replies":[{"embeddable":true,"href":"https:\/\/staging.rola.la\/en\/wp-json\/wp\/v2\/comments?post=203"}],"version-history":[{"count":172,"href":"https:\/\/staging.rola.la\/en\/wp-json\/wp\/v2\/pages\/203\/revisions"}],"predecessor-version":[{"id":10958,"href":"https:\/\/staging.rola.la\/en\/wp-json\/wp\/v2\/pages\/203\/revisions\/10958"}],"wp:attachment":[{"href":"https:\/\/staging.rola.la\/en\/wp-json\/wp\/v2\/media?parent=203"}],"curies":[{"name":"wp","href":"https:\/\/api.w.org\/{rel}","templated":true}]}}