{"id":5996,"date":"2024-07-10T22:03:10","date_gmt":"2024-07-11T01:03:10","guid":{"rendered":"https:\/\/federicorozo.com\/rola\/?page_id=5996"},"modified":"2024-07-12T12:25:38","modified_gmt":"2024-07-12T15:25:38","slug":"disclaimer","status":"publish","type":"page","link":"https:\/\/staging.rola.la\/en\/disclaimer\/","title":{"rendered":"Disclaimer"},"content":{"rendered":"<div data-elementor-type=\"wp-page\" data-elementor-id=\"5996\" class=\"elementor elementor-5996\" data-elementor-post-type=\"page\">\n\t\t\t\t<div class=\"elementor-element elementor-element-3c293d6 e-flex e-con-boxed wpr-particle-no wpr-jarallax-no wpr-parallax-no wpr-sticky-section-no e-con e-parent\" data-id=\"3c293d6\" data-element_type=\"container\" data-e-type=\"container\">\n\t\t\t\t\t<div class=\"e-con-inner\">\n\t\t\t\t<div class=\"elementor-element elementor-element-b272275 elementor-widget elementor-widget-text-editor\" data-id=\"b272275\" data-element_type=\"widget\" data-e-type=\"widget\" data-widget_type=\"text-editor.default\">\n\t\t\t\t<div class=\"elementor-widget-container\">\n\t\t\t\t\t\t\t\t\t<p><span style=\"font-weight: 400;\">As a general practice, Rola Entertainment LLC does not accept unsolicited material that is not represented by a reputable agent, agency, manager, producer, production company or studio. Any unsolicited proposals, outlines, scripts, treatments, etc. will be discarded and will not be read. The purpose of this policy is to avoid possible misunderstandings if your original work appears similar to a Rola Entertainment project, as many jobs and submissions are based on the same or similar ideas.<\/span><\/p><p><span style=\"font-weight: 400;\">Please note that if you choose to ignore this policy and submit materials in any manner, you acknowledge that you have read Rola Entertainment's submission policy and understand that, by making such submission, Rola Entertainment has no obligation to you or your submission and that you shall have no claim based on such submission.<\/span><\/p><p>\u00a0<\/p><p><span style=\"font-weight: 400;\">As a general practice, Rola Entertainment LLC does not accept unsolicited material that is not represented by a reputable agent, agency, manager, producer, production company or studio. Any unsolicited pitches, outlines, scripts, treatments etc. will be discarded and will not be read. The purpose of this policy is to avoid any potential misunderstandings if your original work seems similar to a Rola Entertainment project since many works and submissions are based on the same or similar ideas.\u00a0<\/span><\/p><p><span style=\"font-weight: 400;\">Please note, if you choose to disregard this policy and submit materials regardless, you acknowledge that you have read the Rola Entertainment submission policy and understand by making such a submission, you understand that Rola Entertainment has no obligation to you or your submission and that you have no claim whatsoever based on such submission.<\/span><\/p>\t\t\t\t\t\t\t\t<\/div>\n\t\t\t\t<\/div>\n\t\t\t\t\t<\/div>\n\t\t\t\t<\/div>\n\t\t\t\t<\/div>","protected":false},"excerpt":{"rendered":"<p>Como pr\u00e1ctica general, Rola Entertainment LLC no acepta material no solicitado que no est\u00e9 representado por un agente, agencia, gerente, productor, compa\u00f1\u00eda de producci\u00f3n o estudio de buena reputaci\u00f3n. Cualquier propuesta, esquema, gui\u00f3n, tratamiento, etc. no solicitado se descartar\u00e1 y no se leer\u00e1. El prop\u00f3sito de esta pol\u00edtica es evitar posibles malentendidos si su trabajo original parece similar a un proyecto de Rola Entertainment, ya que muchos trabajos y presentaciones se basan en ideas iguales o similares. Tenga en cuenta que si decide ignorar esta pol\u00edtica y enviar materiales de cualquier manera, reconoce que ha le\u00eddo la pol\u00edtica de env\u00edo de Rola Entertainment y entiende que, al realizar dicho env\u00edo, Rola Entertainment no tiene ninguna obligaci\u00f3n hacia usted o su env\u00edo y que usted no tendr\u00e1 ning\u00fan reclamo basado en dicha presentaci\u00f3n. \u00a0 As a general practice, Rola Entertainment LLC does not accept unsolicited material that is not represented by a reputable agent, agency, manager, producer, production company or studio. Any unsolicited pitches, outlines, scripts, treatments etc. will be discarded and will not be read. The purpose of this policy is to avoid any potential misunderstandings if your original work seems similar to a Rola Entertainment project since many works and submissions are based on the same or similar ideas.\u00a0 Please note, if you choose to disregard this policy and submit materials regardless, you acknowledge that you have read the Rola Entertainment submission policy and understand by making such a submission, you understand that Rola Entertainment has no obligation to you or your submission and that you have no claim whatsoever based on such submission.<\/p>","protected":false},"author":2,"featured_media":0,"parent":0,"menu_order":0,"comment_status":"closed","ping_status":"closed","template":"","meta":{"_acf_changed":false,"site-sidebar-layout":"no-sidebar","site-content-layout":"","ast-site-content-layout":"full-width-container","site-content-style":"default","site-sidebar-style":"default","ast-global-header-display":"","ast-banner-title-visibility":"","ast-main-header-display":"","ast-hfb-above-header-display":"","ast-hfb-below-header-display":"","ast-hfb-mobile-header-display":"","site-post-title":"disabled","ast-breadcrumbs-content":"","ast-featured-img":"disabled","footer-sml-layout":"","theme-transparent-header-meta":"","adv-header-id-meta":"","stick-header-meta":"","header-above-stick-meta":"","header-main-stick-meta":"","header-below-stick-meta":"","astra-migrate-meta-layouts":"default","ast-page-background-enabled":"default","ast-page-background-meta":{"desktop":{"background-color":"var(--ast-global-color-4)","background-image":"","background-repeat":"repeat","background-position":"center center","background-size":"auto","background-attachment":"scroll","background-type":"","background-media":"","overlay-type":"","overlay-color":"","overlay-opacity":"","overlay-gradient":""},"tablet":{"background-color":"","background-image":"","background-repeat":"repeat","background-position":"center center","background-size":"auto","background-attachment":"scroll","background-type":"","background-media":"","overlay-type":"","overlay-color":"","overlay-opacity":"","overlay-gradient":""},"mobile":{"background-color":"","background-image":"","background-repeat":"repeat","background-position":"center center","background-size":"auto","background-attachment":"scroll","background-type":"","background-media":"","overlay-type":"","overlay-color":"","overlay-opacity":"","overlay-gradient":""}},"ast-content-background-meta":{"desktop":{"background-color":"var(--ast-global-color-5)","background-image":"","background-repeat":"repeat","background-position":"center center","background-size":"auto","background-attachment":"scroll","background-type":"","background-media":"","overlay-type":"","overlay-color":"","overlay-opacity":"","overlay-gradient":""},"tablet":{"background-color":"var(--ast-global-color-5)","background-image":"","background-repeat":"repeat","background-position":"center center","background-size":"auto","background-attachment":"scroll","background-type":"","background-media":"","overlay-type":"","overlay-color":"","overlay-opacity":"","overlay-gradient":""},"mobile":{"background-color":"var(--ast-global-color-5)","background-image":"","background-repeat":"repeat","background-position":"center center","background-size":"auto","background-attachment":"scroll","background-type":"","background-media":"","overlay-type":"","overlay-color":"","overlay-opacity":"","overlay-gradient":""}},"footnotes":""},"class_list":["post-5996","page","type-page","status-publish","hentry"],"acf":[],"_links":{"self":[{"href":"https:\/\/staging.rola.la\/en\/wp-json\/wp\/v2\/pages\/5996","targetHints":{"allow":["GET"]}}],"collection":[{"href":"https:\/\/staging.rola.la\/en\/wp-json\/wp\/v2\/pages"}],"about":[{"href":"https:\/\/staging.rola.la\/en\/wp-json\/wp\/v2\/types\/page"}],"author":[{"embeddable":true,"href":"https:\/\/staging.rola.la\/en\/wp-json\/wp\/v2\/users\/2"}],"replies":[{"embeddable":true,"href":"https:\/\/staging.rola.la\/en\/wp-json\/wp\/v2\/comments?post=5996"}],"version-history":[{"count":10,"href":"https:\/\/staging.rola.la\/en\/wp-json\/wp\/v2\/pages\/5996\/revisions"}],"predecessor-version":[{"id":6144,"href":"https:\/\/staging.rola.la\/en\/wp-json\/wp\/v2\/pages\/5996\/revisions\/6144"}],"wp:attachment":[{"href":"https:\/\/staging.rola.la\/en\/wp-json\/wp\/v2\/media?parent=5996"}],"curies":[{"name":"wp","href":"https:\/\/api.w.org\/{rel}","templated":true}]}}