{"id":6006,"date":"2024-07-10T22:08:57","date_gmt":"2024-07-11T01:08:57","guid":{"rendered":"https:\/\/federicorozo.com\/rola\/?page_id=6006"},"modified":"2025-06-25T16:41:33","modified_gmt":"2025-06-25T19:41:33","slug":"privacy","status":"publish","type":"page","link":"https:\/\/staging.rola.la\/en\/privacy\/","title":{"rendered":"Privacy"},"content":{"rendered":"<div data-elementor-type=\"wp-page\" data-elementor-id=\"6006\" class=\"elementor elementor-6006\" data-elementor-post-type=\"page\">\n\t\t\t\t<div class=\"elementor-element elementor-element-d60ce21 e-flex e-con-boxed wpr-particle-no wpr-jarallax-no wpr-parallax-no wpr-sticky-section-no e-con e-parent\" data-id=\"d60ce21\" data-element_type=\"container\" data-e-type=\"container\">\n\t\t\t\t\t<div class=\"e-con-inner\">\n\t\t\t\t<div class=\"elementor-element elementor-element-e3f4887 elementor-widget elementor-widget-heading\" data-id=\"e3f4887\" data-element_type=\"widget\" data-e-type=\"widget\" data-widget_type=\"heading.default\">\n\t\t\t\t<div class=\"elementor-widget-container\">\n\t\t\t\t\t<h1 class=\"elementor-heading-title elementor-size-default\">Privacy Notice<\/h1>\t\t\t\t<\/div>\n\t\t\t\t<\/div>\n\t\t\t\t<div class=\"elementor-element elementor-element-bd9bd77 elementor-widget elementor-widget-text-editor\" data-id=\"bd9bd77\" data-element_type=\"widget\" data-e-type=\"widget\" data-widget_type=\"text-editor.default\">\n\t\t\t\t<div class=\"elementor-widget-container\">\n\t\t\t\t\t\t\t\t\t<p><span style=\"font-weight: 400;\">Rola Entertainment LLC respects your privacy and is committed to protecting your personal information. This privacy notice describes how Rola Entertainment LLC collects, uses and protects the personal information you provide to us through this website.<\/span><\/p>\n<p>\u00a0<\/p>\n<p><strong>Information we collect<\/strong><\/p>\n<p><span style=\"font-weight: 400;\">We may collect the following personal information when you:<\/span><span style=\"font-weight: 400;\">\u00a0<\/span><\/p>\n<p><span style=\"font-weight: 400;\">- You register on our website.<\/span><\/p>\n<p><span style=\"font-weight: 400;\">- Subscribe to our newsletter.<\/span><\/p>\n<p><span style=\"font-weight: 400;\">- Make an online purchase.<\/span><\/p>\n<p><span style=\"font-weight: 400;\">- Participate in surveys or promotions.<\/span><\/p>\n<p><span style=\"font-weight: 400;\">The personal information we may collect includes your name, email address, mailing address, phone number and payment details.<\/span><\/p>\n<p><span style=\"font-weight: 400;\">\u00a0<\/span><\/p>\n<p><strong>Use of information collected<\/strong><\/p>\n<p><span style=\"font-weight: 400;\">We use the information we collect to<\/span><\/p>\n<p><span style=\"font-weight: 400;\">- Personalize your experience on our website.<\/span><\/p>\n<p><span style=\"font-weight: 400;\">- Process your orders and payments.<\/span><\/p>\n<p><span style=\"font-weight: 400;\">- Send you promotional communications.<\/span><\/p>\n<p><span style=\"font-weight: 400;\">- Improve our products and services.<\/span><\/p>\n<p><span style=\"font-weight: 400;\">\u00a0<\/span><\/p>\n<p><strong>Information security<\/strong><span style=\"font-weight: 400;\">\u00a0<\/span><\/p>\n<p><span style=\"font-weight: 400;\">We are committed to ensuring that your information is secure. We have implemented physical, electronic and administrative measures to prevent unauthorized access to or disclosure of your personal information.<\/span><\/p>\n<p><span style=\"font-weight: 400;\">\u00a0<\/span><\/p>\n<p><strong>Disclosure of information to third parties<\/strong><\/p>\n<p><span style=\"font-weight: 400;\">We do not sell, trade, or otherwise transfer your personal information to outside parties without your consent, except as necessary to comply with a legal obligation.<\/span><\/p>\n<p><span style=\"font-weight: 400;\">\u00a0<\/span><\/p>\n<p><strong>Access and control of your personal information<\/strong><\/p>\n<p><span style=\"font-weight: 400;\">You have the right to access, correct and delete the personal information we hold about you. If you wish to exercise this right, please contact us using the contact details provided at the end of this privacy notice.<\/span><\/p>\n<p><span style=\"font-weight: 400;\">\u00a0<\/span><\/p>\n<p><strong>Changes to this privacy notice<\/strong><\/p>\n<p><span style=\"font-weight: 400;\">We reserve the right to update this privacy notice at any time. We encourage you to periodically review this notice to be aware of any changes.<\/span><\/p>\n<p><span style=\"font-weight: 400;\">\u00a0<\/span><\/p>\n<p><strong>Contact<\/strong><\/p>\n<p><span style=\"font-weight: 400;\">If you have any questions about this privacy notice, please contact us at info@rola.la.<\/span><span style=\"font-weight: 400;\">\u00a0<\/span><\/p>\n<p><span style=\"font-weight: 400;\">Effective date: May 31, 2024.<\/span><\/p>\n<p><span style=\"font-weight: 400;\">\u00a0<\/span><\/p>\t\t\t\t\t\t\t\t<\/div>\n\t\t\t\t<\/div>\n\t\t\t\t\t<\/div>\n\t\t\t\t<\/div>\n\t\t\t\t<\/div>","protected":false},"excerpt":{"rendered":"<p>Aviso de Privacidad Rola Entertainment LLC respeta su privacidad y se compromete a proteger sus datos personales. Este aviso de privacidad describe c\u00f3mo Rola Entertainment LLC recopila, utiliza y protege la informaci\u00f3n personal que usted nos proporciona a trav\u00e9s de este sitio web. \u00a0 Informaci\u00f3n que recopilamos Podemos recopilar la siguiente informaci\u00f3n personal cuando usted:\u00a0 &#8211; Se registra en nuestro sitio web. &#8211; Se suscribe a nuestro bolet\u00edn informativo. &#8211; Realiza una compra en l\u00ednea. &#8211; Participa en encuestas o promociones. La informaci\u00f3n personal que podemos recopilar incluye su nombre, direcci\u00f3n de correo electr\u00f3nico, direcci\u00f3n postal, n\u00famero de tel\u00e9fono y detalles de pago. \u00a0 Uso de la informaci\u00f3n recopilada Utilizamos la informaci\u00f3n que recopilamos para &#8211; Personalizar su experiencia en nuestro sitio web. &#8211; Procesar sus pedidos y pagos. &#8211; Enviarle comunicaciones promocionales. &#8211; Mejorar nuestros productos y servicios. \u00a0 Seguridad de la informaci\u00f3n\u00a0 Nos comprometemos a garantizar que su informaci\u00f3n est\u00e9 segura. Hemos implementado medidas f\u00edsicas, electr\u00f3nicas y administrativas para evitar el acceso no autorizado o la divulgaci\u00f3n de su informaci\u00f3n personal. \u00a0 Divulgaci\u00f3n de informaci\u00f3n a terceros No vendemos, intercambiamos ni transferimos su informaci\u00f3n personal a terceros sin su consentimiento, excepto cuando sea necesario para cumplir con una obligaci\u00f3n legal. \u00a0 Acceso y control de su informaci\u00f3n personal Usted tiene derecho a acceder, corregir y eliminar la informaci\u00f3n personal que tenemos sobre usted. Si desea ejercer este derecho, cont\u00e1ctenos a trav\u00e9s de los datos de contacto proporcionados al final de este aviso de privacidad. \u00a0 Cambios a este aviso de privacidad Nos reservamos el derecho de actualizar este aviso de privacidad en cualquier momento. Le recomendamos que revise peri\u00f3dicamente este aviso para estar al tanto de cualquier cambio. \u00a0 Contacto Si tiene alguna pregunta sobre este aviso de privacidad, cont\u00e1ctenos a trav\u00e9s de info@rola.la\u00a0 Fecha de entrada en vigor: Mayo 31, 2024. \u00a0<\/p>","protected":false},"author":2,"featured_media":0,"parent":0,"menu_order":0,"comment_status":"closed","ping_status":"closed","template":"","meta":{"_acf_changed":false,"site-sidebar-layout":"no-sidebar","site-content-layout":"","ast-site-content-layout":"full-width-container","site-content-style":"default","site-sidebar-style":"default","ast-global-header-display":"","ast-banner-title-visibility":"","ast-main-header-display":"","ast-hfb-above-header-display":"","ast-hfb-below-header-display":"","ast-hfb-mobile-header-display":"","site-post-title":"disabled","ast-breadcrumbs-content":"","ast-featured-img":"disabled","footer-sml-layout":"","theme-transparent-header-meta":"","adv-header-id-meta":"","stick-header-meta":"","header-above-stick-meta":"","header-main-stick-meta":"","header-below-stick-meta":"","astra-migrate-meta-layouts":"default","ast-page-background-enabled":"default","ast-page-background-meta":{"desktop":{"background-color":"var(--ast-global-color-4)","background-image":"","background-repeat":"repeat","background-position":"center center","background-size":"auto","background-attachment":"scroll","background-type":"","background-media":"","overlay-type":"","overlay-color":"","overlay-opacity":"","overlay-gradient":""},"tablet":{"background-color":"","background-image":"","background-repeat":"repeat","background-position":"center center","background-size":"auto","background-attachment":"scroll","background-type":"","background-media":"","overlay-type":"","overlay-color":"","overlay-opacity":"","overlay-gradient":""},"mobile":{"background-color":"","background-image":"","background-repeat":"repeat","background-position":"center center","background-size":"auto","background-attachment":"scroll","background-type":"","background-media":"","overlay-type":"","overlay-color":"","overlay-opacity":"","overlay-gradient":""}},"ast-content-background-meta":{"desktop":{"background-color":"var(--ast-global-color-5)","background-image":"","background-repeat":"repeat","background-position":"center center","background-size":"auto","background-attachment":"scroll","background-type":"","background-media":"","overlay-type":"","overlay-color":"","overlay-opacity":"","overlay-gradient":""},"tablet":{"background-color":"var(--ast-global-color-5)","background-image":"","background-repeat":"repeat","background-position":"center center","background-size":"auto","background-attachment":"scroll","background-type":"","background-media":"","overlay-type":"","overlay-color":"","overlay-opacity":"","overlay-gradient":""},"mobile":{"background-color":"var(--ast-global-color-5)","background-image":"","background-repeat":"repeat","background-position":"center center","background-size":"auto","background-attachment":"scroll","background-type":"","background-media":"","overlay-type":"","overlay-color":"","overlay-opacity":"","overlay-gradient":""}},"footnotes":""},"class_list":["post-6006","page","type-page","status-publish","hentry"],"acf":[],"_links":{"self":[{"href":"https:\/\/staging.rola.la\/en\/wp-json\/wp\/v2\/pages\/6006","targetHints":{"allow":["GET"]}}],"collection":[{"href":"https:\/\/staging.rola.la\/en\/wp-json\/wp\/v2\/pages"}],"about":[{"href":"https:\/\/staging.rola.la\/en\/wp-json\/wp\/v2\/types\/page"}],"author":[{"embeddable":true,"href":"https:\/\/staging.rola.la\/en\/wp-json\/wp\/v2\/users\/2"}],"replies":[{"embeddable":true,"href":"https:\/\/staging.rola.la\/en\/wp-json\/wp\/v2\/comments?post=6006"}],"version-history":[{"count":14,"href":"https:\/\/staging.rola.la\/en\/wp-json\/wp\/v2\/pages\/6006\/revisions"}],"predecessor-version":[{"id":10157,"href":"https:\/\/staging.rola.la\/en\/wp-json\/wp\/v2\/pages\/6006\/revisions\/10157"}],"wp:attachment":[{"href":"https:\/\/staging.rola.la\/en\/wp-json\/wp\/v2\/media?parent=6006"}],"curies":[{"name":"wp","href":"https:\/\/api.w.org\/{rel}","templated":true}]}}